{"id":30554,"date":"2025-07-16T07:13:22","date_gmt":"2025-07-16T05:13:22","guid":{"rendered":"https:\/\/mrknights.com\/conditions-generales\/"},"modified":"2025-11-20T09:27:30","modified_gmt":"2025-11-20T08:27:30","slug":"conditions-generales","status":"publish","type":"page","link":"https:\/\/mrknights.com\/fr\/conditions-generales\/","title":{"rendered":"Conditions g\u00e9n\u00e9rales"},"content":{"rendered":"\t\t<div data-elementor-type=\"wp-page\" data-elementor-id=\"30554\" class=\"elementor elementor-30554 elementor-7863\" data-elementor-post-type=\"page\">\n\t\t\t\t<div class=\"elementor-element elementor-element-684f455 e-con-full thegem-e-con-layout-thegem e-flex e-con e-parent\" data-id=\"684f455\" data-element_type=\"container\" data-e-type=\"container\" data-settings=\"{&quot;thegem_container_layout&quot;:&quot;thegem&quot;}\">\r\n\t\t\t\t<div class=\"elementor-element elementor-element-6cbdbbc flex-horizontal-align-default flex-horizontal-align-tablet-default flex-horizontal-align-mobile-default flex-vertical-align-default flex-vertical-align-tablet-default flex-vertical-align-mobile-default elementor-widget elementor-widget-text-editor\" data-id=\"6cbdbbc\" data-element_type=\"widget\" data-e-type=\"widget\" data-widget_type=\"text-editor.default\">\n\t\t\t\t<div class=\"elementor-widget-container\">\n\t\t\t\t\t\t\t\t\t\t\t\t<div class=\"elementor-text-editor elementor-clearfix\">\r\n\t\t\t\t\t\t<h2 data-start=\"191\" data-end=\"213\">Informations sur l\u2019entreprise<\/h2><p data-start=\"214\" data-end=\"380\">MR KNIGHT\u2019S SAS est une soci\u00e9t\u00e9 immatricul\u00e9e en France (SIREN : 932 614 357), n\u00b0 de TVA intracommunautaire FR12932614357, dont le si\u00e8ge social est situ\u00e9 au 24 rue de Clichy, 75009 Paris, France.<\/p><p data-start=\"382\" data-end=\"711\">Les pr\u00e9sentes Conditions g\u00e9n\u00e9rales r\u00e9gissent l\u2019utilisation de notre site web (mrknights.com) ainsi que l\u2019achat de tout produit ou service propos\u00e9 sur celui-ci, y compris, sans s\u2019y limiter, les licences logicielles, les services d\u2019h\u00e9bergement, l\u2019enregistrement de domaines, la cybers\u00e9curit\u00e9, le r\u00e9seautage, le conseil, ainsi que tout autre bien ou service num\u00e9rique ou physique (collectivement, les \u00ab Services \u00bb).<\/p><p data-start=\"713\" data-end=\"831\">En passant commande ou en utilisant nos Services, vous confirmez avoir lu, compris et enti\u00e8rement accept\u00e9 les pr\u00e9sentes Conditions.<\/p><h2 data-start=\"833\" data-end=\"857\">Port\u00e9e des Services<\/h2><p data-start=\"858\" data-end=\"1264\">Licences logicielles : Vente de cl\u00e9s d\u2019activation, licences num\u00e9riques et contenus t\u00e9l\u00e9chargeables.<br data-start=\"945\" data-end=\"948\">H\u00e9bergement et domaines : Fourniture de services d\u2019h\u00e9bergement web, d\u2019enregistrement de domaines et d\u2019infrastructures connexes.<br data-start=\"1052\" data-end=\"1055\">Cybers\u00e9curit\u00e9 et r\u00e9seautage : \u00c9valuations de s\u00e9curit\u00e9, gestion de pare-feu, services g\u00e9r\u00e9s, surveillance et conseil.<br data-start=\"1173\" data-end=\"1176\">Autres services : Conseil, maintenance et services personnalis\u00e9s offerts par MR KNIGHT\u2019S.<\/p><h2 data-start=\"1266\" data-end=\"1288\">Commandes et Livraison<\/h2><h3 data-start=\"1289\" data-end=\"1309\">Passation de Commande<\/h3><p data-start=\"1310\" data-end=\"1542\">Les commandes sont pass\u00e9es via notre site web. Apr\u00e8s avoir pass\u00e9 une commande, vous recevrez un e-mail confirmant que votre commande a \u00e9t\u00e9 re\u00e7ue et est en cours de traitement. Cette confirmation n\u2019indique pas que les Services ont \u00e9t\u00e9 livr\u00e9s.  <\/p><h3 data-start=\"1544\" data-end=\"1568\">Confirmation Bancaire<\/h3><p data-start=\"1569\" data-end=\"1841\">Pour des raisons de s\u00e9curit\u00e9 et de protection du client, tous les paiements sont soumis \u00e0 une v\u00e9rification bancaire. La dur\u00e9e de cette v\u00e9rification d\u00e9pend de la banque \u00e9mettrice du client. Une fois le paiement confirm\u00e9, le service achet\u00e9 (licence logicielle ou autre service) sera livr\u00e9 ou activ\u00e9.  <\/p><h3 data-start=\"1843\" data-end=\"1861\">Blocages de Paiement<\/h3><p data-start=\"1862\" data-end=\"1960\">Nous nous r\u00e9servons le droit de bloquer ou de signaler tout paiement suspect, de mani\u00e8re temporaire ou permanente.<\/p><h3 data-start=\"1962\" data-end=\"1973\">Paiement<\/h3><p data-start=\"1974\" data-end=\"2138\">Les paiements doivent \u00eatre effectu\u00e9s en utilisant les m\u00e9thodes disponibles lors du paiement (carte bancaire, PayPal ou autres prestataires de paiement). Tous les paiements sont trait\u00e9s via des passerelles s\u00e9curis\u00e9es. <\/p><h3 data-start=\"2140\" data-end=\"2164\">Livraison des Licences<\/h3><p data-start=\"2165\" data-end=\"2477\">Une fois le paiement confirm\u00e9, nous proc\u00e9derons \u00e0 la g\u00e9n\u00e9ration et \u00e0 l\u2019\u00e9mission officielles de la licence par le fabricant. Les cl\u00e9s, codes d\u2019activation, liens de t\u00e9l\u00e9chargement ou identifiants seront envoy\u00e9s \u00e0 l\u2019adresse e-mail fournie par le client lors de l\u2019achat.<br data-start=\"2416\" data-end=\"2419\">Ce processus est irr\u00e9versible et donc non remboursable. <\/p><h3 data-start=\"2479\" data-end=\"2499\">Exactitude des Donn\u00e9es<\/h3><p data-start=\"2500\" data-end=\"2703\">Le client d\u00e9clare que toutes les informations fournies sont correctes et exactes. MR KNIGHT\u2019S n\u2019est pas responsable des erreurs caus\u00e9es par des informations client incorrectes, y compris les adresses e-mail pour les livraisons num\u00e9riques. <\/p><h3 data-start=\"2705\" data-end=\"2730\">Fourniture des Services<\/h3><p data-start=\"2731\" data-end=\"2898\">Pour l\u2019h\u00e9bergement, les domaines ou autres services techniques, l\u2019activation aura lieu apr\u00e8s confirmation du paiement, selon les d\u00e9lais de livraison sp\u00e9cifiques \u00e0 chaque service.<\/p><h3 data-start=\"2900\" data-end=\"2918\">D\u00e9lais de Livraison<\/h3><p data-start=\"2919\" data-end=\"3114\">Nous mettons tout en \u0153uvre pour livrer les licences et activer les services rapidement, mais une livraison imm\u00e9diate ne peut \u00eatre garantie, certains services n\u00e9cessitant un traitement interne ou une v\u00e9rification par le fabricant.<\/p><h2 data-start=\"3116\" data-end=\"3145\">Prix, Taxes et Facturation<\/h2><p data-start=\"3146\" data-end=\"3644\">Prix : Tous les prix affich\u00e9s sont indiqu\u00e9s dans la devise mentionn\u00e9e et peuvent inclure ou non la TVA, selon le lieu de r\u00e9sidence du client et qu\u2019il s\u2019agisse d\u2019un particulier ou d\u2019une entreprise.<br data-start=\"3336\" data-end=\"3339\">Taxes : Les taxes (telles que la TVA) seront appliqu\u00e9es en fonction de l\u2019adresse de facturation et des lois en vigueur.<br data-start=\"3435\" data-end=\"3438\">Facturation : Apr\u00e8s le paiement, un re\u00e7u ou une facture sera \u00e9mis conform\u00e9ment \u00e0 la r\u00e9glementation applicable. Si vous souhaitez obtenir une facture officielle, assurez-vous que toutes les informations de facturation sont correctement renseign\u00e9es lors du paiement. <\/p><h2 data-start=\"3646\" data-end=\"3686\">Droit de R\u00e9tractation et Politique de Remboursement<\/h2><h3 data-start=\"3687\" data-end=\"3724\">Droit de R\u00e9tractation (UE \/ France)<\/h3><p data-start=\"3725\" data-end=\"3908\">Les consommateurs au sein de l\u2019Union europ\u00e9enne disposent g\u00e9n\u00e9ralement de 14 jours pour exercer leur droit de r\u00e9tractation conform\u00e9ment au Code de la consommation fran\u00e7ais (Articles L.221-18 \u00e0 L.221-28) et \u00e0 la Directive 2011\/83\/UE.<\/p><p data-start=\"3910\" data-end=\"4059\">Cependant, selon l\u2019Article 16(m) de la Directive 2011\/83\/UE, ce droit ne s\u2019applique pas aux contenus num\u00e9riques non fournis sur un support physique si le client :<\/p><ol data-start=\"4060\" data-end=\"4193\"><li data-start=\"4060\" data-end=\"4134\"><p data-start=\"4063\" data-end=\"4134\">donne son consentement explicite \u00e0 la fourniture imm\u00e9diate du contenu, et<\/p><\/li><li data-start=\"4135\" data-end=\"4193\"><p data-start=\"4138\" data-end=\"4193\">reconna\u00eet qu\u2019il renonce \u00e0 son droit de r\u00e9tractation.<\/p><\/li><\/ol><p data-start=\"4195\" data-end=\"4353\">Avant de finaliser l\u2019achat de produits num\u00e9riques (tels que des licences logicielles), le client doit donner son consentement explicite et reconna\u00eetre la renonciation \u00e0 ce droit.<\/p><h3 data-start=\"4355\" data-end=\"4389\">Aucun Remboursement pour les Produits Num\u00e9riques<\/h3><p data-start=\"4390\" data-end=\"4778\">Les licences num\u00e9riques d\u00e9livr\u00e9es par MR KNIGHT\u2019S sont non remboursables, car elles sont envoy\u00e9es \u00e9lectroniquement et comprennent des cl\u00e9s d\u2019activation ainsi que des liens de t\u00e9l\u00e9chargement.<br data-start=\"4531\" data-end=\"4534\">Cette politique est clairement affich\u00e9e lors du paiement, et le client doit l\u2019accepter avant de finaliser l\u2019achat.<br data-start=\"4643\" data-end=\"4646\">En cas de litige, MR KNIGHT\u2019S peut fournir une assistance technique sous certaines conditions, mais aucun remboursement automatique ne sera accord\u00e9.<\/p><h3 data-start=\"4780\" data-end=\"4810\">Remboursements pour les Autres Services<\/h3><p data-start=\"4811\" data-end=\"5091\">Pour les services qui ne sont pas fournis imm\u00e9diatement (comme l\u2019h\u00e9bergement ou le conseil), un remboursement proportionnel peut \u00eatre demand\u00e9 si le service n\u2019a pas encore commenc\u00e9.<br data-start=\"4964\" data-end=\"4967\">En cas d\u2019annulation apr\u00e8s le d\u00e9but du service, des frais proportionnels peuvent s\u2019appliquer en fonction de la partie d\u00e9j\u00e0 fournie.<\/p><h2 data-start=\"5093\" data-end=\"5117\">Propri\u00e9t\u00e9 Intellectuelle<\/h2><p data-start=\"5118\" data-end=\"5264\">Tous les droits de propri\u00e9t\u00e9 intellectuelle relatifs \u00e0 nos Services, site web, logiciels, documentation et contenus appartiennent \u00e0 MR KNIGHT\u2019S ou \u00e0 nos conc\u00e9dants de licence.<\/p><p data-start=\"5266\" data-end=\"5416\">Les clients se voient accorder une licence non exclusive et non transf\u00e9rable pour utiliser les cl\u00e9s ou le contenu uniquement conform\u00e9ment \u00e0 la documentation du produit ou aux conditions de licence.<\/p><p data-start=\"5418\" data-end=\"5569\">Les clients ne peuvent pas revendre, partager, sous-licencier, distribuer ou transf\u00e9rer une cl\u00e9 d\u2019activation, un lien de t\u00e9l\u00e9chargement ou une copie de logiciel sans autorisation expresse.<\/p><p data-start=\"5571\" data-end=\"5658\">L\u2019utilisation incorrecte ou ill\u00e9gale des produits ou services rel\u00e8ve de la seule responsabilit\u00e9 du client.<\/p><h2 data-start=\"5660\" data-end=\"5685\">Garantie et Responsabilit\u00e9<\/h2><p data-start=\"5686\" data-end=\"6178\">Garantie l\u00e9gale (UE) : Nous garantissons que les contenus num\u00e9riques et les services sont conformes \u00e0 leur description et \u00e0 leurs sp\u00e9cifications.<br data-start=\"5802\" data-end=\"5805\">Limitation de responsabilit\u00e9 : Dans la mesure permise par la loi, MR KNIGHT\u2019S ne sera pas responsable des dommages indirects, pertes de profits ou pertes cons\u00e9cutives. La responsabilit\u00e9 est limit\u00e9e au montant pay\u00e9 pour la commande correspondante.<br data-start=\"6026\" data-end=\"6029\">Aucune garantie suppl\u00e9mentaire : Sauf indication explicite par \u00e9crit, aucune garantie suppl\u00e9mentaire n\u2019est fournie au-del\u00e0 de celles requises par les lois de consommation applicables. <\/p><h2 data-start=\"6180\" data-end=\"6203\">Obligations du Client<\/h2><p data-start=\"6204\" data-end=\"6637\">Le client s\u2019engage \u00e0 utiliser nos Services conform\u00e9ment \u00e0 la loi et aux conditions de licence applicables.<br data-start=\"6300\" data-end=\"6303\">Pour les logiciels : l\u2019utilisation doit respecter les limites d\u2019activation autoris\u00e9es et le type de licence autoris\u00e9.<br data-start=\"6401\" data-end=\"6404\">Pour l\u2019h\u00e9bergement, les domaines ou les services de s\u00e9curit\u00e9 : le client ne doit pas utiliser les Services \u00e0 des fins ill\u00e9gales, d\u2019abus ou de spam.<br data-start=\"6526\" data-end=\"6529\">MR KNIGHT\u2019S se r\u00e9serve le droit de suspendre ou d\u2019annuler les services en cas d\u2019utilisation abusive ou de violation des pr\u00e9sentes Conditions.<\/p><h2 data-start=\"6639\" data-end=\"6666\">Protection des Donn\u00e9es Personnelles<\/h2><p data-start=\"6667\" data-end=\"7092\">Nous collectons et traitons les donn\u00e9es personnelles uniquement pour g\u00e9rer les commandes, la facturation et la livraison des services.<br data-start=\"6759\" data-end=\"6762\">Toutes les donn\u00e9es sont trait\u00e9es conform\u00e9ment au RGPD et aux lois fran\u00e7aises sur la protection des donn\u00e9es.<br data-start=\"6842\" data-end=\"6845\">Nous ne vendons pas de donn\u00e9es personnelles \u00e0 des tiers, mais nous pouvons les partager avec des prestataires de services essentiels (tels que les fabricants de licences ou les fournisseurs d\u2019h\u00e9bergement).<br data-start=\"7001\" data-end=\"7004\">Les donn\u00e9es sont conserv\u00e9es uniquement pendant la p\u00e9riode n\u00e9cessaire pour satisfaire aux obligations l\u00e9gales ou contractuelles.<\/p><h2 data-start=\"7094\" data-end=\"7148\">Droit Applicable, Juridiction et R\u00e9solution des Litiges<\/h2><p data-start=\"7149\" data-end=\"7459\">Les pr\u00e9sentes Conditions sont r\u00e9gies par le droit fran\u00e7ais.<br data-start=\"7188\" data-end=\"7191\">Pour les consommateurs de l\u2019UE, les droits pr\u00e9vus par la Directive 2011\/83\/UE s\u2019appliquent, et des m\u00e9canismes de r\u00e8glement alternatif des litiges (RAL) ou les Centres Europ\u00e9ens des Consommateurs peuvent \u00eatre utilis\u00e9s.<br data-start=\"7343\" data-end=\"7346\">Pour les clients hors de l\u2019UE, les lois locales ou les proc\u00e9dures d\u2019arbitrage peuvent s\u2019appliquer comme sp\u00e9cifi\u00e9 dans l\u2019accord de commande.<\/p><h2 data-start=\"7461\" data-end=\"7489\">Modification des Conditions<\/h2><p data-start=\"7490\" data-end=\"7672\">MR KNIGHT\u2019S peut mettre \u00e0 jour ou modifier les pr\u00e9sentes Conditions \u00e0 tout moment. Toute modification sera publi\u00e9e avec la date de mise \u00e0 jour. Pour les commandes, les Conditions en vigueur au moment de l\u2019achat s\u2019appliquent.  <\/p><h2 data-start=\"7674\" data-end=\"7714\">Cookies et Communications \u00c9lectroniques<\/h2><p data-start=\"7715\" data-end=\"8003\">Nous utilisons des cookies et des technologies similaires pour les fonctionnalit\u00e9s essentielles, l\u2019analyse et l\u2019am\u00e9lioration de l\u2019exp\u00e9rience utilisateur.<br data-start=\"7828\" data-end=\"7831\">En utilisant notre site web, vous acceptez notre politique de cookies.<br data-start=\"7882\" data-end=\"7885\">Les communications par e-mail peuvent inclure des confirmations de commande, la livraison de licences, des messages de support et des notifications de service.<\/p><h2 data-start=\"8005\" data-end=\"8020\">Divisibilit\u00e9<\/h2><p data-start=\"8021\" data-end=\"8193\">Si une disposition des pr\u00e9sentes Conditions est jug\u00e9e invalide ou inapplicable, elle sera limit\u00e9e ou supprim\u00e9e uniquement dans la mesure n\u00e9cessaire, et le reste restera pleinement en vigueur.<\/p><h2 data-start=\"8195\" data-end=\"8204\">Renonciation<\/h2><p data-start=\"8205\" data-end=\"8315\">Le fait de ne pas exercer ou faire appliquer un droit ou une disposition ne constitue pas une renonciation \u00e0 ce droit ou \u00e0 cette disposition.<\/p><h2 data-start=\"8317\" data-end=\"8339\">Contact et Support<\/h2><p data-start=\"8340\" data-end=\"8538\">Pour toute question concernant les pr\u00e9sentes Conditions ou nos Services, vous pouvez nous contacter via notre formulaire de support.<br data-start=\"8433\" data-end=\"8436\">Pour les probl\u00e8mes li\u00e9s aux licences, \u00e0 l\u2019activation ou aux t\u00e9l\u00e9chargements, le canal de support d\u00e9sign\u00e9 doit \u00eatre utilis\u00e9.<\/p><h2 data-start=\"8540\" data-end=\"8572\">Reconnaissance et Acceptation<\/h2><p data-start=\"8573\" data-end=\"8648\">En passant une commande ou en utilisant nos Services, le client confirme qu\u2019il :<\/p><ol data-start=\"8649\" data-end=\"8915\"><li data-start=\"8649\" data-end=\"8671\"><p data-start=\"8652\" data-end=\"8671\">Est majeur(e).<\/p><\/li><li data-start=\"8672\" data-end=\"8714\"><p data-start=\"8675\" data-end=\"8714\">A lu et compris les pr\u00e9sentes Conditions.<\/p><\/li><li data-start=\"8715\" data-end=\"8754\"><p data-start=\"8718\" data-end=\"8754\">Accepte d\u2019en \u00eatre juridiquement li\u00e9(e).<\/p><\/li><li data-start=\"8755\" data-end=\"8915\"><p data-start=\"8758\" data-end=\"8915\">Pour les produits num\u00e9riques : a donn\u00e9 son consentement explicite \u00e0 la livraison imm\u00e9diate et reconna\u00eet la renonciation au droit de r\u00e9tractation conform\u00e9ment au droit europ\u00e9en et fran\u00e7ais.<\/p><\/li><\/ol><h2 data-start=\"8917\" data-end=\"8936\">R\u00e9f\u00e9rences Juridiques<\/h2><p data-start=\"8937\" data-end=\"9191\">Directive 2011\/83\/UE, Article 16(m) \u2013 Renonciation au droit de r\u00e9tractation pour les contenus num\u00e9riques.<br data-start=\"9023\" data-end=\"9026\">Directive 2011\/83\/UE, Article 14(4)(b) \u2013 Consentement explicite et reconnaissance du client.<br data-start=\"9114\" data-end=\"9117\">Code de la consommation fran\u00e7ais, Articles L.221-18 \u00e0 L.221-28 \u2013 Droit de r\u00e9tractation.<\/p>\t\t\t\t\t\t\t<\/div>\r\n\t\t\t\t\t\t\t\t\t\t<\/div>\n\t\t\t\t<\/div>\n\t\t\t\t<\/div>\n\t\t\t\t<\/div>\n\t\t","protected":false},"excerpt":{"rendered":"<p>Informations sur l\u2019entreprise MR KNIGHT\u2019S SAS est une soci\u00e9t\u00e9 immatricul\u00e9e en France (SIREN : 932 614 357), n\u00b0 de TVA&#8230;<\/p>\n","protected":false},"author":1,"featured_media":4920,"parent":0,"menu_order":0,"comment_status":"closed","ping_status":"closed","template":"page-fullwidth.php","meta":{"footnotes":""},"class_list":["post-30554","page","type-page","status-publish","has-post-thumbnail"],"jetpack_sharing_enabled":true,"_links":{"self":[{"href":"https:\/\/mrknights.com\/fr\/wp-json\/wp\/v2\/pages\/30554","targetHints":{"allow":["GET"]}}],"collection":[{"href":"https:\/\/mrknights.com\/fr\/wp-json\/wp\/v2\/pages"}],"about":[{"href":"https:\/\/mrknights.com\/fr\/wp-json\/wp\/v2\/types\/page"}],"author":[{"embeddable":true,"href":"https:\/\/mrknights.com\/fr\/wp-json\/wp\/v2\/users\/1"}],"replies":[{"embeddable":true,"href":"https:\/\/mrknights.com\/fr\/wp-json\/wp\/v2\/comments?post=30554"}],"version-history":[{"count":1,"href":"https:\/\/mrknights.com\/fr\/wp-json\/wp\/v2\/pages\/30554\/revisions"}],"predecessor-version":[{"id":30555,"href":"https:\/\/mrknights.com\/fr\/wp-json\/wp\/v2\/pages\/30554\/revisions\/30555"}],"wp:featuredmedia":[{"embeddable":true,"href":"https:\/\/mrknights.com\/fr\/wp-json\/wp\/v2\/media\/4920"}],"wp:attachment":[{"href":"https:\/\/mrknights.com\/fr\/wp-json\/wp\/v2\/media?parent=30554"}],"curies":[{"name":"wp","href":"https:\/\/api.w.org\/{rel}","templated":true}]}}