{"id":7973,"date":"2025-07-16T07:13:22","date_gmt":"2025-07-16T05:13:22","guid":{"rendered":"https:\/\/mrknights.com\/terminos-y-condiciones\/"},"modified":"2025-11-19T18:38:42","modified_gmt":"2025-11-19T17:38:42","slug":"terminos-y-condiciones","status":"publish","type":"page","link":"https:\/\/mrknights.com\/es\/terminos-y-condiciones\/","title":{"rendered":"T\u00e9rminos y condiciones"},"content":{"rendered":"\t\t<div data-elementor-type=\"wp-page\" data-elementor-id=\"7973\" class=\"elementor elementor-7973 elementor-7863\" data-elementor-post-type=\"page\">\n\t\t\t\t<div class=\"elementor-element elementor-element-684f455 e-con-full thegem-e-con-layout-thegem e-flex e-con e-parent\" data-id=\"684f455\" data-element_type=\"container\" data-e-type=\"container\" data-settings=\"{&quot;thegem_container_layout&quot;:&quot;thegem&quot;}\">\r\n\t\t\t\t<div class=\"elementor-element elementor-element-6cbdbbc flex-horizontal-align-default flex-horizontal-align-tablet-default flex-horizontal-align-mobile-default flex-vertical-align-default flex-vertical-align-tablet-default flex-vertical-align-mobile-default elementor-widget elementor-widget-text-editor\" data-id=\"6cbdbbc\" data-element_type=\"widget\" data-e-type=\"widget\" data-widget_type=\"text-editor.default\">\n\t\t\t\t<div class=\"elementor-widget-container\">\n\t\t\t\t\t\t\t\t\t\t\t\t<div class=\"elementor-text-editor elementor-clearfix\">\r\n\t\t\t\t\t\t<h2 data-start=\"191\" data-end=\"213\">Informaci\u00f3n de la empresa<\/h2><p data-start=\"214\" data-end=\"380\">MR KNIGHT\u2019S SAS es una empresa registrada en Francia (SIREN: 932 614 357), con n\u00famero de IVA FR12932614357, y con domicilio social en 24 rue de Clichy, 75009 Par\u00eds, Francia.<\/p><p data-start=\"382\" data-end=\"711\">Estos T\u00e9rminos y Condiciones regulan el uso de nuestro sitio web (mrknights.com) y la compra de cualquier producto o servicio ofrecido a trav\u00e9s del mismo, incluidos, entre otros, licencias de software, servicios de alojamiento, registro de dominios, ciberseguridad, redes, consultor\u00eda y otros bienes digitales o f\u00edsicos (en conjunto, los \u201cServicios\u201d).<\/p><p data-start=\"713\" data-end=\"831\">Al realizar un pedido o utilizar nuestros Servicios, usted confirma que ha le\u00eddo, comprendido y aceptado plenamente estos T\u00e9rminos.<\/p><h2 data-start=\"833\" data-end=\"857\">Alcance de los Servicios<\/h2><p data-start=\"858\" data-end=\"1264\">Licencias de software: Venta de claves de activaci\u00f3n, licencias digitales y contenido descargable.<br data-start=\"945\" data-end=\"948\">Alojamiento y dominios: Prestaci\u00f3n de servicios de alojamiento web, registro de dominios e infraestructura relacionada.<br data-start=\"1052\" data-end=\"1055\">Ciberseguridad y redes: Evaluaciones de seguridad, gesti\u00f3n de cortafuegos, servicios gestionados, monitoreo y consultor\u00eda.<br data-start=\"1173\" data-end=\"1176\">Otros servicios: Consultor\u00eda, mantenimiento y servicios personalizados ofrecidos por MR KNIGHT\u2019S.<\/p><h2 data-start=\"1266\" data-end=\"1288\">Pedidos y entrega<\/h2><h3 data-start=\"1289\" data-end=\"1309\">Realizaci\u00f3n de un Pedido<\/h3><p data-start=\"1310\" data-end=\"1542\">Los pedidos se realizan a trav\u00e9s de nuestro sitio web. Despu\u00e9s de realizar un pedido, recibir\u00e1 un correo electr\u00f3nico confirmando que hemos recibido su solicitud y que est\u00e1 siendo procesada. Esta confirmaci\u00f3n no indica que los Servicios hayan sido entregados.  <\/p><h3 data-start=\"1544\" data-end=\"1568\">Confirmaci\u00f3n Bancaria<\/h3><p data-start=\"1569\" data-end=\"1841\">Por motivos de seguridad y protecci\u00f3n del cliente, todos los pagos est\u00e1n sujetos a verificaci\u00f3n bancaria. El per\u00edodo de verificaci\u00f3n depende del banco emisor del cliente. Una vez confirmado el pago, el servicio adquirido (licencia de software u otro servicio) ser\u00e1 entregado o activado.  <\/p><h3 data-start=\"1843\" data-end=\"1861\">Bloqueos de Pago<\/h3><p data-start=\"1862\" data-end=\"1960\">Nos reservamos el derecho de bloquear o reportar cualquier pago sospechoso, ya sea de forma temporal o permanente.<\/p><h3 data-start=\"1962\" data-end=\"1973\">Pago<\/h3><p data-start=\"1974\" data-end=\"2138\">Los pagos deben realizarse utilizando los m\u00e9todos disponibles en el proceso de compra (tarjeta de cr\u00e9dito, PayPal u otros proveedores de pago). Todos los pagos se procesan a trav\u00e9s de pasarelas seguras. <\/p><h3 data-start=\"2140\" data-end=\"2164\">Entrega de Licencias<\/h3><p data-start=\"2165\" data-end=\"2477\">Una vez confirmado el pago, procederemos con la generaci\u00f3n y emisi\u00f3n oficial de la licencia por parte del fabricante. Las claves, c\u00f3digos de activaci\u00f3n, enlaces de descarga o credenciales se enviar\u00e1n a la direcci\u00f3n de correo electr\u00f3nico proporcionada por el cliente durante la compra.<br data-start=\"2416\" data-end=\"2419\">Este proceso es irreversible y, por lo tanto, no es reembolsable. <\/p><h3 data-start=\"2479\" data-end=\"2499\">Exactitud de los datos<\/h3><p data-start=\"2500\" data-end=\"2703\">El cliente declara que todos los datos proporcionados son correctos y precisos. MR KNIGHT\u2019S no se hace responsable de errores causados por informaci\u00f3n incorrecta del cliente, incluidos los correos electr\u00f3nicos utilizados para entregas digitales. <\/p><h3 data-start=\"2705\" data-end=\"2730\">Prestaci\u00f3n de Servicios<\/h3><p data-start=\"2731\" data-end=\"2898\">Para servicios de alojamiento, dominios u otros servicios t\u00e9cnicos, la activaci\u00f3n se realizar\u00e1 una vez confirmado el pago, de acuerdo con los plazos de entrega espec\u00edficos de cada servicio.<\/p><h3 data-start=\"2900\" data-end=\"2918\">Plazos de Entrega<\/h3><p data-start=\"2919\" data-end=\"3114\">Hacemos todo lo posible para entregar licencias y activar servicios de manera r\u00e1pida, pero no se puede garantizar la entrega inmediata, ya que ciertos servicios requieren procesos internos o verificaci\u00f3n por parte del fabricante.<\/p><h2 data-start=\"3116\" data-end=\"3145\">Precios, Impuestos y Facturaci\u00f3n<\/h2><p data-start=\"3146\" data-end=\"3644\">Precios: Todos los precios mostrados se indican en la moneda correspondiente y pueden incluir o no el IVA, dependiendo de la ubicaci\u00f3n del cliente y de si este es un particular o una empresa.<br data-start=\"3336\" data-end=\"3339\">Impuestos: Los impuestos (como el IVA) se aplicar\u00e1n seg\u00fan la direcci\u00f3n de facturaci\u00f3n y la legislaci\u00f3n vigente.<br data-start=\"3435\" data-end=\"3438\">Facturaci\u00f3n: Tras el pago, se emitir\u00e1 un recibo o factura conforme a la normativa aplicable. Si necesita una factura formal, aseg\u00farese de que todos los datos de facturaci\u00f3n est\u00e9n correctamente ingresados durante el proceso de compra. <\/p><h2 data-start=\"3646\" data-end=\"3686\">Derecho de Desistimiento y Pol\u00edtica de Reembolsos<\/h2><h3 data-start=\"3687\" data-end=\"3724\">Derecho de desistimiento (UE \/ Francia)<\/h3><p data-start=\"3725\" data-end=\"3908\">Los consumidores dentro de la Uni\u00f3n Europea generalmente disponen de 14 d\u00edas para ejercer el derecho de desistimiento, seg\u00fan el C\u00f3digo de Consumo franc\u00e9s (Art\u00edculos L.221-18 a L.221-28) y la Directiva 2011\/83\/UE.<\/p><p data-start=\"3910\" data-end=\"4059\">Sin embargo, seg\u00fan el Art\u00edculo 16(m) de la Directiva 2011\/83\/UE, este derecho no se aplica al contenido digital no suministrado en un soporte f\u00edsico si el cliente:<\/p><ol data-start=\"4060\" data-end=\"4193\"><li data-start=\"4060\" data-end=\"4134\"><p data-start=\"4063\" data-end=\"4134\">da su consentimiento expl\u00edcito para la provisi\u00f3n inmediata del contenido, y<\/p><\/li><li data-start=\"4135\" data-end=\"4193\"><p data-start=\"4138\" data-end=\"4193\">reconoce que renuncia a su derecho de desistimiento.<\/p><\/li><\/ol><p data-start=\"4195\" data-end=\"4353\">Antes de completar la compra de productos digitales (como licencias de software), el cliente debe dar su consentimiento expl\u00edcito y reconocer la renuncia a este derecho.<\/p><h3 data-start=\"4355\" data-end=\"4389\">Sin Reembolso para Productos Digitales<\/h3><p data-start=\"4390\" data-end=\"4778\">Las licencias digitales entregadas por MR KNIGHT\u2019S no son reembolsables, ya que se env\u00edan electr\u00f3nicamente e incluyen claves de activaci\u00f3n y enlaces de descarga.<br data-start=\"4531\" data-end=\"4534\">Esta pol\u00edtica se muestra claramente en el proceso de compra, y el cliente debe aceptarla antes de completar la compra.<br data-start=\"4643\" data-end=\"4646\">En caso de surgir un conflicto, MR KNIGHT\u2019S puede proporcionar asistencia t\u00e9cnica bajo ciertas condiciones, pero no se emitir\u00e1n reembolsos autom\u00e1ticos.<\/p><h3 data-start=\"4780\" data-end=\"4810\">Reembolsos para Otros Servicios<\/h3><p data-start=\"4811\" data-end=\"5091\">Para los servicios que no se entregan de manera inmediata (como alojamiento o consultor\u00eda), se puede solicitar un reembolso proporcional si el servicio a\u00fan no ha comenzado.<br data-start=\"4964\" data-end=\"4967\">Si la cancelaci\u00f3n ocurre despu\u00e9s de que el servicio haya iniciado, podr\u00e1n aplicarse cargos proporcionales seg\u00fan la parte ya prestada.<\/p><h2 data-start=\"5093\" data-end=\"5117\">Propiedad Intelectual<\/h2><p data-start=\"5118\" data-end=\"5264\">Todos los derechos de propiedad intelectual relacionados con nuestros Servicios, sitio web, software, documentaci\u00f3n y contenido son propiedad de MR KNIGHT\u2019S o de nuestros licenciantes.<\/p><p data-start=\"5266\" data-end=\"5416\">Se concede a los clientes una licencia no exclusiva e intransferible para usar las claves o el contenido \u00fanicamente de acuerdo con la documentaci\u00f3n del producto o los t\u00e9rminos de la licencia.<\/p><p data-start=\"5418\" data-end=\"5569\">Los clientes no pueden revender, compartir, sublicenciar, distribuir ni transferir ninguna clave de activaci\u00f3n, enlace de descarga o copia de software sin autorizaci\u00f3n expresa.<\/p><p data-start=\"5571\" data-end=\"5658\">El uso indebido o il\u00edcito de los productos o servicios es responsabilidad exclusiva del cliente.<\/p><h2 data-start=\"5660\" data-end=\"5685\">Garant\u00eda y Responsabilidad<\/h2><p data-start=\"5686\" data-end=\"6178\">Garant\u00eda legal (UE): Garantizamos que el contenido digital y los servicios se ajustan a su descripci\u00f3n y especificaciones.<br data-start=\"5802\" data-end=\"5805\">Limitaci\u00f3n de responsabilidad: En la medida permitida por la ley, MR KNIGHT\u2019S no ser\u00e1 responsable de da\u00f1os indirectos, p\u00e9rdida de beneficios o p\u00e9rdidas consecuentes. La responsabilidad se limita al importe pagado por el pedido correspondiente.<br data-start=\"6026\" data-end=\"6029\">Sin garant\u00eda adicional: Salvo que se indique expresamente por escrito, no se proporcionan garant\u00edas adicionales m\u00e1s all\u00e1 de las exigidas por las leyes de consumo aplicables. <\/p><h2 data-start=\"6180\" data-end=\"6203\">Obligaciones del Cliente<\/h2><p data-start=\"6204\" data-end=\"6637\">El cliente se compromete a utilizar nuestros Servicios de acuerdo con la ley y los t\u00e9rminos de la licencia aplicable.<br data-start=\"6300\" data-end=\"6303\">Para el software: el uso debe cumplir con los l\u00edmites de activaci\u00f3n permitidos y el tipo de licencia autorizado.<br data-start=\"6401\" data-end=\"6404\">Para servicios de alojamiento, dominios o seguridad: el cliente no debe utilizar los Servicios para actividades ilegales, abuso o env\u00edo de spam.<br data-start=\"6526\" data-end=\"6529\">MR KNIGHT\u2019S se reserva el derecho de suspender o cancelar los servicios si se detecta un uso indebido o incumplimiento de estos T\u00e9rminos.<\/p><h2 data-start=\"6639\" data-end=\"6666\">Protecci\u00f3n de Datos Personales<\/h2><p data-start=\"6667\" data-end=\"7092\">Recopilamos y procesamos datos personales \u00fanicamente para gestionar pedidos, facturaci\u00f3n y prestaci\u00f3n de servicios.<br data-start=\"6759\" data-end=\"6762\">Todos los datos se manejan de acuerdo con el RGPD y la legislaci\u00f3n francesa de protecci\u00f3n de datos.<br data-start=\"6842\" data-end=\"6845\">No vendemos datos personales a terceros, aunque podemos compartirlos con proveedores de servicios esenciales (como fabricantes de licencias o proveedores de alojamiento).<br data-start=\"7001\" data-end=\"7004\">Los datos se conservan \u00fanicamente durante el per\u00edodo necesario para cumplir con las obligaciones legales o contractuales.<\/p><h2 data-start=\"7094\" data-end=\"7148\">Ley Aplicable, Jurisdicci\u00f3n y Resoluci\u00f3n de Conflictos<\/h2><p data-start=\"7149\" data-end=\"7459\">Estos T\u00e9rminos se rigen por la legislaci\u00f3n francesa.<br data-start=\"7188\" data-end=\"7191\">Para los consumidores de la UE, se aplican los derechos establecidos en la Directiva 2011\/83\/UE, y se pueden utilizar mecanismos de resoluci\u00f3n alternativa de conflictos (ADR) o los Centros Europeos del Consumidor.<br data-start=\"7343\" data-end=\"7346\">Para los clientes fuera de la UE, pueden aplicarse las leyes locales o procedimientos de arbitraje seg\u00fan lo especificado en el acuerdo de pedido.<\/p><h2 data-start=\"7461\" data-end=\"7489\">Modificaci\u00f3n de los T\u00e9rminos<\/h2><p data-start=\"7490\" data-end=\"7672\">MR KNIGHT\u2019S puede actualizar o modificar estos T\u00e9rminos en cualquier momento. Cualquier modificaci\u00f3n se publicar\u00e1 con la fecha de actualizaci\u00f3n. Para los pedidos, se aplicar\u00e1n los T\u00e9rminos vigentes en el momento de la compra.  <\/p><h2 data-start=\"7674\" data-end=\"7714\">Cookies y Comunicaciones Electr\u00f3nicas<\/h2><p data-start=\"7715\" data-end=\"8003\">Utilizamos cookies y tecnolog\u00edas similares para funcionalidades esenciales, an\u00e1lisis y mejoras de la experiencia del usuario.<br data-start=\"7828\" data-end=\"7831\">Al utilizar nuestro sitio web, usted acepta nuestra pol\u00edtica de cookies.<br data-start=\"7882\" data-end=\"7885\">Las comunicaciones por correo electr\u00f3nico pueden incluir confirmaciones de pedidos, entregas de licencias, mensajes de soporte y notificaciones de servicios.<\/p><h2 data-start=\"8005\" data-end=\"8020\">Divisibilidad<\/h2><p data-start=\"8021\" data-end=\"8193\">Si alguna disposici\u00f3n de estos T\u00e9rminos se considera inv\u00e1lida o inaplicable, se limitar\u00e1 o eliminar\u00e1 \u00fanicamente en la medida necesaria, y el resto continuar\u00e1 en pleno vigor.<\/p><h2 data-start=\"8195\" data-end=\"8204\">Renuncia<\/h2><p data-start=\"8205\" data-end=\"8315\">El hecho de no ejercer o hacer cumplir un derecho o disposici\u00f3n no constituye una renuncia a dicho derecho o disposici\u00f3n.<\/p><h2 data-start=\"8317\" data-end=\"8339\">Contacto y Soporte<\/h2><p data-start=\"8340\" data-end=\"8538\">Para consultas sobre estos T\u00e9rminos o nuestros Servicios, puede contactarnos a trav\u00e9s de nuestro formulario de soporte.<br data-start=\"8433\" data-end=\"8436\">Para problemas relacionados con licencias, activaci\u00f3n o descargas, se debe utilizar el canal de soporte designado.<\/p><h2 data-start=\"8540\" data-end=\"8572\">Reconocimiento y Aceptaci\u00f3n<\/h2><p data-start=\"8573\" data-end=\"8648\">Al realizar un pedido o utilizar nuestros Servicios, el cliente confirma que:<\/p><ol data-start=\"8649\" data-end=\"8915\"><li data-start=\"8649\" data-end=\"8671\"><p data-start=\"8652\" data-end=\"8671\">Ser mayor de edad.<\/p><\/li><li data-start=\"8672\" data-end=\"8714\"><p data-start=\"8675\" data-end=\"8714\">Haber le\u00eddo y comprendido estos T\u00e9rminos.<\/p><\/li><li data-start=\"8715\" data-end=\"8754\"><p data-start=\"8718\" data-end=\"8754\">Aceptar estar legalmente vinculados por los mismos.<\/p><\/li><li data-start=\"8755\" data-end=\"8915\"><p data-start=\"8758\" data-end=\"8915\">Para productos digitales: haber dado su consentimiento expl\u00edcito para la entrega inmediata y reconocen la renuncia al derecho de desistimiento seg\u00fan la legislaci\u00f3n europea y francesa.<\/p><\/li><\/ol><h2 data-start=\"8917\" data-end=\"8936\">Referencias Legales<\/h2><p data-start=\"8937\" data-end=\"9191\">Directiva 2011\/83\/UE, Art\u00edculo 16(m) \u2013 Renuncia al derecho de desistimiento para contenido digital.<br data-start=\"9023\" data-end=\"9026\">Directiva 2011\/83\/UE, Art\u00edculo 14(4)(b) \u2013 Consentimiento expl\u00edcito y reconocimiento del cliente.<br data-start=\"9114\" data-end=\"9117\">C\u00f3digo de Consumo franc\u00e9s, Art\u00edculos L.221-18 a L.221-28 \u2013 Derecho de desistimiento.<\/p>\t\t\t\t\t\t\t<\/div>\r\n\t\t\t\t\t\t\t\t\t\t<\/div>\n\t\t\t\t<\/div>\n\t\t\t\t<\/div>\n\t\t\t\t<\/div>\n\t\t","protected":false},"excerpt":{"rendered":"<p>Informaci\u00f3n de la empresa MR KNIGHT\u2019S SAS es una empresa registrada en Francia (SIREN: 932 614 357), con n\u00famero de&#8230;<\/p>\n","protected":false},"author":1,"featured_media":4921,"parent":0,"menu_order":0,"comment_status":"closed","ping_status":"closed","template":"page-fullwidth.php","meta":{"footnotes":""},"class_list":["post-7973","page","type-page","status-publish","has-post-thumbnail"],"jetpack_sharing_enabled":true,"_links":{"self":[{"href":"https:\/\/mrknights.com\/es\/wp-json\/wp\/v2\/pages\/7973","targetHints":{"allow":["GET"]}}],"collection":[{"href":"https:\/\/mrknights.com\/es\/wp-json\/wp\/v2\/pages"}],"about":[{"href":"https:\/\/mrknights.com\/es\/wp-json\/wp\/v2\/types\/page"}],"author":[{"embeddable":true,"href":"https:\/\/mrknights.com\/es\/wp-json\/wp\/v2\/users\/1"}],"replies":[{"embeddable":true,"href":"https:\/\/mrknights.com\/es\/wp-json\/wp\/v2\/comments?post=7973"}],"version-history":[{"count":1,"href":"https:\/\/mrknights.com\/es\/wp-json\/wp\/v2\/pages\/7973\/revisions"}],"predecessor-version":[{"id":7974,"href":"https:\/\/mrknights.com\/es\/wp-json\/wp\/v2\/pages\/7973\/revisions\/7974"}],"wp:featuredmedia":[{"embeddable":true,"href":"https:\/\/mrknights.com\/es\/wp-json\/wp\/v2\/media\/4921"}],"wp:attachment":[{"href":"https:\/\/mrknights.com\/es\/wp-json\/wp\/v2\/media?parent=7973"}],"curies":[{"name":"wp","href":"https:\/\/api.w.org\/{rel}","templated":true}]}}